{"id":865,"date":"2024-03-22T21:45:27","date_gmt":"2024-03-22T21:45:27","guid":{"rendered":"https:\/\/atentamentenoe.es\/?post_type=product&#038;p=865"},"modified":"2024-04-23T01:58:21","modified_gmt":"2024-04-23T01:58:21","slug":"reconectando-con-mi-sexualidad","status":"publish","type":"product","link":"https:\/\/atentamentenoe.es\/index.php\/producto\/reconectando-con-mi-sexualidad\/","title":{"rendered":"Reconectando con mi sexualidad"},"content":{"rendered":"<p>Cuaderno de actividades para potenciar la sexualidad, tanto individual como en pareja, desde el acompa\u00f1amiento psicol\u00f3gico.<\/p>\n<p>Se abordan las creencias de mitos sexuales y su influencia, adem\u00e1s del rechazo del contacto f\u00edsico o las dificultades por no llegar al cl\u00edmax.<\/p>\n<p>Se proponen ejercicios individuales para la reconexi\u00f3n sexual y una adaptaci\u00f3n posterior de estos para el \u00e1mbito de la pareja.<\/p>\n","protected":false},"excerpt":{"rendered":"<p>Cuaderno de actividades para potenciar la sexualidad, tanto individual como en pareja, desde el acompa\u00f1amiento psicol\u00f3gico.<\/p>\n<p>22 p\u00e1ginas.<\/p>\n","protected":false},"featured_media":866,"comment_status":"open","ping_status":"closed","template":"","meta":[],"product_cat":[30],"product_tag":[],"class_list":["post-865","product","type-product","status-publish","has-post-thumbnail","hentry","product_cat-material-psicologico"],"jetpack_sharing_enabled":true,"_links":{"self":[{"href":"https:\/\/atentamentenoe.es\/index.php\/wp-json\/wp\/v2\/product\/865","targetHints":{"allow":["GET"]}}],"collection":[{"href":"https:\/\/atentamentenoe.es\/index.php\/wp-json\/wp\/v2\/product"}],"about":[{"href":"https:\/\/atentamentenoe.es\/index.php\/wp-json\/wp\/v2\/types\/product"}],"replies":[{"embeddable":true,"href":"https:\/\/atentamentenoe.es\/index.php\/wp-json\/wp\/v2\/comments?post=865"}],"wp:featuredmedia":[{"embeddable":true,"href":"https:\/\/atentamentenoe.es\/index.php\/wp-json\/wp\/v2\/media\/866"}],"wp:attachment":[{"href":"https:\/\/atentamentenoe.es\/index.php\/wp-json\/wp\/v2\/media?parent=865"}],"wp:term":[{"taxonomy":"product_cat","embeddable":true,"href":"https:\/\/atentamentenoe.es\/index.php\/wp-json\/wp\/v2\/product_cat?post=865"},{"taxonomy":"product_tag","embeddable":true,"href":"https:\/\/atentamentenoe.es\/index.php\/wp-json\/wp\/v2\/product_tag?post=865"}],"curies":[{"name":"wp","href":"https:\/\/api.w.org\/{rel}","templated":true}]}}